{"id":3449,"date":"2021-03-03T16:35:44","date_gmt":"2021-03-03T16:35:44","guid":{"rendered":"https:\/\/www.accupackengineering.com\/training\/"},"modified":"2022-03-21T20:10:59","modified_gmt":"2022-03-21T20:10:59","slug":"training","status":"publish","type":"page","link":"https:\/\/www.accupackengineering.com\/de\/training\/","title":{"rendered":"Schulung"},"content":{"rendered":"[vc_row type=&#8220;in_container&#8220; full_screen_row_position=&#8220;middle&#8220; column_margin=&#8220;default&#8220; column_direction=&#8220;default&#8220; column_direction_tablet=&#8220;default&#8220; column_direction_phone=&#8220;default&#8220; scene_position=&#8220;center&#8220; text_color=&#8220;dark&#8220; text_align=&#8220;left&#8220; row_border_radius=&#8220;none&#8220; row_border_radius_applies=&#8220;bg&#8220; overlay_strength=&#8220;0.3&#8243; gradient_direction=&#8220;left_to_right&#8220; shape_divider_position=&#8220;bottom&#8220; bg_image_animation=&#8220;none&#8220; shape_type=&#8220;&#8220;][vc_column column_padding=&#8220;no-extra-padding&#8220; column_padding_tablet=&#8220;inherit&#8220; column_padding_phone=&#8220;inherit&#8220; column_padding_position=&#8220;all&#8220; background_color_opacity=&#8220;1&#8243; background_hover_color_opacity=&#8220;1&#8243; column_shadow=&#8220;none&#8220; column_border_radius=&#8220;none&#8220; column_link_target=&#8220;_self&#8220; gradient_direction=&#8220;left_to_right&#8220; overlay_strength=&#8220;0.3&#8243; width=&#8220;1\/1&#8243; tablet_width_inherit=&#8220;default&#8220; tablet_text_alignment=&#8220;default&#8220; phone_text_alignment=&#8220;default&#8220; column_border_width=&#8220;none&#8220; column_border_style=&#8220;solid&#8220; bg_image_animation=&#8220;none&#8220;][vc_column_text]Wir bei Accupack glauben, dass Lernen nie aufh\u00f6ren sollte. Unsere regelm\u00e4\u00dfigen Schulungen, die in unserem Campus in Navi Mumbai organisiert werden, helfen unseren Kunden, eine maximale OEE (Overall Equipment Effectiveness ) mit den h\u00f6chsten Sicherheitsstandards zu erreichen.<\/p>\n<p>Diese Kurse werden individuell auf die Bed\u00fcrfnisse des Kunden zugeschnitten. Dieses Training stellt sicher, dass Sie bereit sind, mit jeder Situation umzugehen, die beim Betrieb der Maschine auftreten kann.<\/p>\n<p>Schreiben Sie uns an <a href=\"mailto:marketing@accupack.in\"><img loading=\"lazy\" decoding=\"async\" class=\"wp-image-2837 size-full alignnone\" style=\"vertical-align: middle; margin: 0; display: inline;\" src=\"https:\/\/www.accupackengineering.com\/wp-content\/uploads\/2021\/01\/marketing-emailid.png\" alt=\"\" width=\"171\" height=\"22\" \/><\/a> um Ihr Trainingsmodul noch heute zu individualisieren![\/vc_column_text][divider line_type=&#8220;No Line&#8220; custom_height=&#8220;25&#8243;][vc_column_text]\n<h2>Kundendienst<\/h2>\n<p>Unser engagiertes Team hochqualifizierter und professioneller Ingenieure steht Ihnen f\u00fcr Ihre Fragen und Herausforderungen zur Verf\u00fcgung, sowohl offline als auch online. Wir haben unsere Service-Ingenieure auf der ganzen Welt eingesetzt, um Sie besser bedienen zu k\u00f6nnen. So gew\u00e4hrleisten wir die k\u00fcrzeste Reaktionszeit .<\/p>\n<p>Unser Team ist ganz Ohr. <a href=\"mailto:marketing@accupack.in\"><img loading=\"lazy\" decoding=\"async\" class=\"wp-image-2837 size-full alignnone\" style=\"vertical-align: middle; margin: 0; display: inline;\" src=\"https:\/\/www.accupackengineering.com\/wp-content\/uploads\/2021\/01\/marketing-emailid.png\" alt=\"\" width=\"171\" height=\"22\" \/><\/a> Erreichen Sie uns sie unter[\/vc_column_text][\/vc_column][\/vc_row]\n","protected":false},"excerpt":{"rendered":"<p>[vc_row type=&#8220;in_container&#8220; full_screen_row_position=&#8220;middle&#8220; column_margin=&#8220;default&#8220; column_direction=&#8220;default&#8220; column_direction_tablet=&#8220;default&#8220; column_direction_phone=&#8220;default&#8220; scene_position=&#8220;center&#8220; text_color=&#8220;dark&#8220; text_align=&#8220;left&#8220; row_border_radius=&#8220;none&#8220; row_border_radius_applies=&#8220;bg&#8220; overlay_strength=&#8220;0.3&#8243; gradient_direction=&#8220;left_to_right&#8220; shape_divider_position=&#8220;bottom&#8220; bg_image_animation=&#8220;none&#8220; shape_type=&#8220;&#8220;][vc_column column_padding=&#8220;no-extra-padding&#8220; column_padding_tablet=&#8220;inherit&#8220; column_padding_phone=&#8220;inherit&#8220; column_padding_position=&#8220;all&#8220; background_color_opacity=&#8220;1&#8243; background_hover_color_opacity=&#8220;1&#8243; column_shadow=&#8220;none&#8220; column_border_radius=&#8220;none&#8220; column_link_target=&#8220;_self&#8220; gradient_direction=&#8220;left_to_right&#8220; overlay_strength=&#8220;0.3&#8243; width=&#8220;1\/1&#8243; tablet_width_inherit=&#8220;default&#8220;&#8230;<\/p>\n","protected":false},"author":1,"featured_media":0,"parent":0,"menu_order":0,"comment_status":"closed","ping_status":"closed","template":"","meta":{"footnotes":""},"class_list":["post-3449","page","type-page","status-publish"],"yoast_head":"<!-- This site is optimized with the Yoast SEO plugin v27.0 - https:\/\/yoast.com\/product\/yoast-seo-wordpress\/ -->\n<title>Training in Operational Equipment Efficiency in Navi Mumbai | Accupack<\/title>\n<meta name=\"description\" content=\"We keep frequent training courses at our Navi Mumbai campus to help our clients achieve maximum OEE(operational equipment efficiency) for highest standards of safety.\" \/>\n<meta name=\"robots\" content=\"index, follow, max-snippet:-1, max-image-preview:large, max-video-preview:-1\" \/>\n<link rel=\"canonical\" href=\"https:\/\/www.accupackengineering.com\/de\/training\/\" \/>\n<meta property=\"og:locale\" content=\"de_DE\" \/>\n<meta property=\"og:type\" content=\"article\" \/>\n<meta property=\"og:title\" content=\"Training in Operational Equipment Efficiency in Navi Mumbai | Accupack\" \/>\n<meta property=\"og:description\" content=\"We keep frequent training courses at our Navi Mumbai campus to help our clients achieve maximum OEE(operational equipment efficiency) for highest standards of safety.\" \/>\n<meta property=\"og:url\" content=\"https:\/\/www.accupackengineering.com\/de\/training\/\" \/>\n<meta property=\"og:site_name\" content=\"Accupack\" \/>\n<meta property=\"article:modified_time\" content=\"2022-03-21T20:10:59+00:00\" \/>\n<meta property=\"og:image\" content=\"https:\/\/www.accupackengineering.com\/wp-content\/uploads\/2021\/01\/marketing-emailid.png\" \/>\n<meta name=\"twitter:card\" content=\"summary_large_image\" \/>\n<meta name=\"twitter:label1\" content=\"Gesch\u00e4tzte Lesezeit\" \/>\n\t<meta name=\"twitter:data1\" content=\"2\u00a0Minuten\" \/>\n<script type=\"application\/ld+json\" class=\"yoast-schema-graph\">{\"@context\":\"https:\/\/schema.org\",\"@graph\":[{\"@type\":\"WebPage\",\"@id\":\"https:\/\/www.accupackengineering.com\/de\/training\/\",\"url\":\"https:\/\/www.accupackengineering.com\/de\/training\/\",\"name\":\"Training in Operational Equipment Efficiency in Navi Mumbai | Accupack\",\"isPartOf\":{\"@id\":\"https:\/\/www.accupackengineering.com\/de\/#website\"},\"primaryImageOfPage\":{\"@id\":\"https:\/\/www.accupackengineering.com\/de\/training\/#primaryimage\"},\"image\":{\"@id\":\"https:\/\/www.accupackengineering.com\/de\/training\/#primaryimage\"},\"thumbnailUrl\":\"https:\/\/www.accupackengineering.com\/wp-content\/uploads\/2021\/01\/marketing-emailid.png\",\"datePublished\":\"2021-03-03T16:35:44+00:00\",\"dateModified\":\"2022-03-21T20:10:59+00:00\",\"description\":\"We keep frequent training courses at our Navi Mumbai campus to help our clients achieve maximum OEE(operational equipment efficiency) for highest standards of safety.\",\"inLanguage\":\"de\",\"potentialAction\":[{\"@type\":\"ReadAction\",\"target\":[\"https:\/\/www.accupackengineering.com\/de\/training\/\"]}]},{\"@type\":\"ImageObject\",\"inLanguage\":\"de\",\"@id\":\"https:\/\/www.accupackengineering.com\/de\/training\/#primaryimage\",\"url\":\"https:\/\/www.accupackengineering.com\/wp-content\/uploads\/2021\/01\/marketing-emailid.png\",\"contentUrl\":\"https:\/\/www.accupackengineering.com\/wp-content\/uploads\/2021\/01\/marketing-emailid.png\"},{\"@type\":\"WebSite\",\"@id\":\"https:\/\/www.accupackengineering.com\/de\/#website\",\"url\":\"https:\/\/www.accupackengineering.com\/de\/\",\"name\":\"Accupack\",\"description\":\"Accupack\",\"potentialAction\":[{\"@type\":\"SearchAction\",\"target\":{\"@type\":\"EntryPoint\",\"urlTemplate\":\"https:\/\/www.accupackengineering.com\/de\/?s={search_term_string}\"},\"query-input\":{\"@type\":\"PropertyValueSpecification\",\"valueRequired\":true,\"valueName\":\"search_term_string\"}}],\"inLanguage\":\"de\"}]}<\/script>\n<!-- \/ Yoast SEO plugin. -->","yoast_head_json":{"title":"Training in Operational Equipment Efficiency in Navi Mumbai | Accupack","description":"We keep frequent training courses at our Navi Mumbai campus to help our clients achieve maximum OEE(operational equipment efficiency) for highest standards of safety.","robots":{"index":"index","follow":"follow","max-snippet":"max-snippet:-1","max-image-preview":"max-image-preview:large","max-video-preview":"max-video-preview:-1"},"canonical":"https:\/\/www.accupackengineering.com\/de\/training\/","og_locale":"de_DE","og_type":"article","og_title":"Training in Operational Equipment Efficiency in Navi Mumbai | Accupack","og_description":"We keep frequent training courses at our Navi Mumbai campus to help our clients achieve maximum OEE(operational equipment efficiency) for highest standards of safety.","og_url":"https:\/\/www.accupackengineering.com\/de\/training\/","og_site_name":"Accupack","article_modified_time":"2022-03-21T20:10:59+00:00","og_image":[{"url":"https:\/\/www.accupackengineering.com\/wp-content\/uploads\/2021\/01\/marketing-emailid.png","type":"","width":"","height":""}],"twitter_card":"summary_large_image","twitter_misc":{"Gesch\u00e4tzte Lesezeit":"2\u00a0Minuten"},"schema":{"@context":"https:\/\/schema.org","@graph":[{"@type":"WebPage","@id":"https:\/\/www.accupackengineering.com\/de\/training\/","url":"https:\/\/www.accupackengineering.com\/de\/training\/","name":"Training in Operational Equipment Efficiency in Navi Mumbai | Accupack","isPartOf":{"@id":"https:\/\/www.accupackengineering.com\/de\/#website"},"primaryImageOfPage":{"@id":"https:\/\/www.accupackengineering.com\/de\/training\/#primaryimage"},"image":{"@id":"https:\/\/www.accupackengineering.com\/de\/training\/#primaryimage"},"thumbnailUrl":"https:\/\/www.accupackengineering.com\/wp-content\/uploads\/2021\/01\/marketing-emailid.png","datePublished":"2021-03-03T16:35:44+00:00","dateModified":"2022-03-21T20:10:59+00:00","description":"We keep frequent training courses at our Navi Mumbai campus to help our clients achieve maximum OEE(operational equipment efficiency) for highest standards of safety.","inLanguage":"de","potentialAction":[{"@type":"ReadAction","target":["https:\/\/www.accupackengineering.com\/de\/training\/"]}]},{"@type":"ImageObject","inLanguage":"de","@id":"https:\/\/www.accupackengineering.com\/de\/training\/#primaryimage","url":"https:\/\/www.accupackengineering.com\/wp-content\/uploads\/2021\/01\/marketing-emailid.png","contentUrl":"https:\/\/www.accupackengineering.com\/wp-content\/uploads\/2021\/01\/marketing-emailid.png"},{"@type":"WebSite","@id":"https:\/\/www.accupackengineering.com\/de\/#website","url":"https:\/\/www.accupackengineering.com\/de\/","name":"Accupack","description":"Accupack","potentialAction":[{"@type":"SearchAction","target":{"@type":"EntryPoint","urlTemplate":"https:\/\/www.accupackengineering.com\/de\/?s={search_term_string}"},"query-input":{"@type":"PropertyValueSpecification","valueRequired":true,"valueName":"search_term_string"}}],"inLanguage":"de"}]}},"_links":{"self":[{"href":"https:\/\/www.accupackengineering.com\/de\/wp-json\/wp\/v2\/pages\/3449","targetHints":{"allow":["GET"]}}],"collection":[{"href":"https:\/\/www.accupackengineering.com\/de\/wp-json\/wp\/v2\/pages"}],"about":[{"href":"https:\/\/www.accupackengineering.com\/de\/wp-json\/wp\/v2\/types\/page"}],"author":[{"embeddable":true,"href":"https:\/\/www.accupackengineering.com\/de\/wp-json\/wp\/v2\/users\/1"}],"replies":[{"embeddable":true,"href":"https:\/\/www.accupackengineering.com\/de\/wp-json\/wp\/v2\/comments?post=3449"}],"version-history":[{"count":8,"href":"https:\/\/www.accupackengineering.com\/de\/wp-json\/wp\/v2\/pages\/3449\/revisions"}],"predecessor-version":[{"id":4726,"href":"https:\/\/www.accupackengineering.com\/de\/wp-json\/wp\/v2\/pages\/3449\/revisions\/4726"}],"wp:attachment":[{"href":"https:\/\/www.accupackengineering.com\/de\/wp-json\/wp\/v2\/media?parent=3449"}],"curies":[{"name":"wp","href":"https:\/\/api.w.org\/{rel}","templated":true}]}}