{"id":3523,"date":"2021-01-18T11:39:39","date_gmt":"2021-01-18T11:39:39","guid":{"rendered":"https:\/\/www.accupackengineering.com\/blis-lab\/"},"modified":"2022-03-16T17:32:39","modified_gmt":"2022-03-16T17:32:39","slug":"blis-lab","status":"publish","type":"page","link":"https:\/\/www.accupackengineering.com\/de\/blis-lab\/","title":{"rendered":"Blis Lab"},"content":{"rendered":"[vc_row type=&#8220;in_container&#8220; full_screen_row_position=&#8220;middle&#8220; column_margin=&#8220;default&#8220; column_direction=&#8220;default&#8220; column_direction_tablet=&#8220;default&#8220; column_direction_phone=&#8220;default&#8220; scene_position=&#8220;center&#8220; text_color=&#8220;dark&#8220; text_align=&#8220;left&#8220; row_border_radius=&#8220;none&#8220; row_border_radius_applies=&#8220;bg&#8220; overlay_strength=&#8220;0.3&#8243; gradient_direction=&#8220;left_to_right&#8220; shape_divider_position=&#8220;bottom&#8220; bg_image_animation=&#8220;none&#8220; shape_type=&#8220;&#8220;][vc_column column_padding=&#8220;no-extra-padding&#8220; column_padding_tablet=&#8220;inherit&#8220; column_padding_phone=&#8220;inherit&#8220; column_padding_position=&#8220;all&#8220; background_color_opacity=&#8220;1&#8243; background_hover_color_opacity=&#8220;1&#8243; column_shadow=&#8220;none&#8220; column_border_radius=&#8220;none&#8220; column_link_target=&#8220;_self&#8220; gradient_direction=&#8220;left_to_right&#8220; overlay_strength=&#8220;0.3&#8243; width=&#8220;1\/1&#8243; tablet_width_inherit=&#8220;default&#8220; tablet_text_alignment=&#8220;default&#8220; phone_text_alignment=&#8220;default&#8220; column_border_width=&#8220;none&#8220; column_border_style=&#8220;solid&#8220; bg_image_animation=&#8220;none&#8220;][vc_column_text]R&amp;D-Blistermaschine<\/p>\n<p>ideal f\u00fcr Thermo- und Kaltformung, die weithin f\u00fcr die Verpackung von Tabletten und<span style=\"text-decoration: line-through;\"> ,<\/span> Kapseln verwendet werden.<\/p>\n<p>BLIS Lab 100 kombiniert ergonomisches, kompaktes Design mit Touchscreen-Steuerung f\u00fcr maximalen Komfort und Leistung. Die werkzeuglose Umr\u00fcstung gew\u00e4hrleistet minimale Ausfallzeiten f\u00fcr Pharmaunternehmen, die hohe Flexibilit\u00e4t ben\u00f6tigen.[\/vc_column_text][\/vc_column][\/vc_row][vc_row type=&#8220;full_width_background&#8220; full_screen_row_position=&#8220;middle&#8220; column_margin=&#8220;default&#8220; column_direction=&#8220;default&#8220; column_direction_tablet=&#8220;default&#8220; column_direction_phone=&#8220;default&#8220; scene_position=&#8220;center&#8220; top_padding=&#8220;25&#8243; bottom_padding=&#8220;25&#8243; text_color=&#8220;light&#8220; text_align=&#8220;left&#8220; row_border_radius=&#8220;none&#8220; row_border_radius_applies=&#8220;bg&#8220; overlay_strength=&#8220;0.3&#8243; gradient_direction=&#8220;left_to_right&#8220; shape_divider_position=&#8220;bottom&#8220; bg_image_animation=&#8220;none&#8220; shape_type=&#8220;&#8220;][vc_column column_padding=&#8220;no-extra-padding&#8220; column_padding_tablet=&#8220;inherit&#8220; column_padding_phone=&#8220;inherit&#8220; column_padding_position=&#8220;all&#8220; background_color_opacity=&#8220;1&#8243; background_hover_color_opacity=&#8220;1&#8243; column_shadow=&#8220;none&#8220; column_border_radius=&#8220;none&#8220; column_link_target=&#8220;_self&#8220; gradient_direction=&#8220;left_to_right&#8220; overlay_strength=&#8220;0.3&#8243; width=&#8220;1\/1&#8243; tablet_width_inherit=&#8220;default&#8220; tablet_text_alignment=&#8220;default&#8220; phone_text_alignment=&#8220;default&#8220; column_border_width=&#8220;none&#8220; column_border_style=&#8220;solid&#8220; bg_image_animation=&#8220;none&#8220;][\/vc_column][\/vc_row][vc_row type=&#8220;full_width_background&#8220; full_screen_row_position=&#8220;middle&#8220; column_margin=&#8220;default&#8220; column_direction=&#8220;default&#8220; column_direction_tablet=&#8220;default&#8220; column_direction_phone=&#8220;default&#8220; bg_color=&#8220;#7b7979&#8243; scene_position=&#8220;center&#8220; top_padding=&#8220;25&#8243; bottom_padding=&#8220;25&#8243; text_color=&#8220;light&#8220; text_align=&#8220;left&#8220; row_border_radius=&#8220;none&#8220; row_border_radius_applies=&#8220;bg&#8220; overlay_strength=&#8220;0.3&#8243; gradient_direction=&#8220;left_to_right&#8220; shape_divider_position=&#8220;bottom&#8220; bg_image_animation=&#8220;none&#8220; shape_type=&#8220;&#8220;][vc_column column_padding=&#8220;no-extra-padding&#8220; column_padding_tablet=&#8220;inherit&#8220; column_padding_phone=&#8220;inherit&#8220; column_padding_position=&#8220;all&#8220; background_color_opacity=&#8220;1&#8243; background_hover_color_opacity=&#8220;1&#8243; column_shadow=&#8220;none&#8220; column_border_radius=&#8220;none&#8220; column_link_target=&#8220;_self&#8220; gradient_direction=&#8220;left_to_right&#8220; overlay_strength=&#8220;0.3&#8243; width=&#8220;1\/1&#8243; tablet_width_inherit=&#8220;default&#8220; tablet_text_alignment=&#8220;default&#8220; phone_text_alignment=&#8220;default&#8220; column_border_width=&#8220;none&#8220; column_border_style=&#8220;solid&#8220; bg_image_animation=&#8220;none&#8220;][vc_column_text]\n<h3 class=\"fancy-title animation fadeInLeft animation-active\">PRODUKTMERKMALE<\/h3>\n[\/vc_column_text][\/vc_column][\/vc_row][vc_row type=&#8220;full_width_background&#8220; full_screen_row_position=&#8220;middle&#8220; column_margin=&#8220;default&#8220; column_direction=&#8220;default&#8220; column_direction_tablet=&#8220;default&#8220; column_direction_phone=&#8220;default&#8220; bg_color=&#8220;#ebebeb&#8220; scene_position=&#8220;center&#8220; top_padding=&#8220;45&#8243; bottom_padding=&#8220;30&#8243; text_color=&#8220;dark&#8220; text_align=&#8220;left&#8220; row_border_radius=&#8220;none&#8220; row_border_radius_applies=&#8220;bg&#8220; overlay_strength=&#8220;0.3&#8243; gradient_direction=&#8220;left_to_right&#8220; shape_divider_position=&#8220;bottom&#8220; bg_image_animation=&#8220;none&#8220; shape_type=&#8220;&#8220;][vc_column column_padding=&#8220;no-extra-padding&#8220; column_padding_tablet=&#8220;inherit&#8220; column_padding_phone=&#8220;inherit&#8220; column_padding_position=&#8220;all&#8220; background_color_opacity=&#8220;1&#8243; background_hover_color_opacity=&#8220;1&#8243; column_shadow=&#8220;none&#8220; column_border_radius=&#8220;none&#8220; column_link_target=&#8220;_self&#8220; gradient_direction=&#8220;left_to_right&#8220; overlay_strength=&#8220;0.3&#8243; width=&#8220;1\/1&#8243; tablet_width_inherit=&#8220;default&#8220; tablet_text_alignment=&#8220;default&#8220; phone_text_alignment=&#8220;default&#8220; column_border_width=&#8220;none&#8220; column_border_style=&#8220;solid&#8220; bg_image_animation=&#8220;none&#8220;][vc_column_text]\n<h3 class=\"fancy-title animation fadeInLeft animation-active\">USP<\/h3>\n[\/vc_column_text]<div class=\"nectar-fancy-ul\" data-list-icon=\"icon-ok\" data-animation=\"false\" data-animation-delay=\"0\" data-color=\"accent-color\" data-spacing=\"default\" data-alignment=\"left\"> \n<ul>\n<li>Kompakte Labormaschine<\/li>\n<li>PLC mit Touchscreen-Steuerung<\/li>\n<li>Ideale Maschine f\u00fcr Blistermuster, Stabilit\u00e4tstests und kleine Chargen<\/li>\n<li>Plattenformung, Siegelung und Stanzung<\/li>\n<li>Werkzeugloses Umr\u00fcsten mit Schutzvorrichtungen<\/li>\n<li>Maschine ist verfahrbar<\/li>\n<\/ul>\n <\/div>[\/vc_column][\/vc_row][vc_row type=&#8220;in_container&#8220; full_screen_row_position=&#8220;middle&#8220; column_margin=&#8220;default&#8220; column_direction=&#8220;default&#8220; column_direction_tablet=&#8220;default&#8220; column_direction_phone=&#8220;default&#8220; scene_position=&#8220;center&#8220; top_padding=&#8220;60&#8243; text_color=&#8220;dark&#8220; text_align=&#8220;left&#8220; row_border_radius=&#8220;none&#8220; row_border_radius_applies=&#8220;bg&#8220; overlay_strength=&#8220;0.3&#8243; gradient_direction=&#8220;left_to_right&#8220; shape_divider_position=&#8220;bottom&#8220; bg_image_animation=&#8220;none&#8220; shape_type=&#8220;&#8220;][vc_column column_padding=&#8220;no-extra-padding&#8220; column_padding_tablet=&#8220;inherit&#8220; column_padding_phone=&#8220;inherit&#8220; column_padding_position=&#8220;all&#8220; background_color_opacity=&#8220;1&#8243; background_hover_color_opacity=&#8220;1&#8243; column_shadow=&#8220;none&#8220; column_border_radius=&#8220;none&#8220; column_link_target=&#8220;_self&#8220; gradient_direction=&#8220;left_to_right&#8220; overlay_strength=&#8220;0.3&#8243; width=&#8220;1\/1&#8243; tablet_width_inherit=&#8220;default&#8220; tablet_text_alignment=&#8220;default&#8220; phone_text_alignment=&#8220;default&#8220; column_border_width=&#8220;none&#8220; column_border_style=&#8220;solid&#8220; bg_image_animation=&#8220;none&#8220;][vc_column_text]\n<h4 style=\"color: #e31e24;\">TECHNISCHE SPEZIFIKATIONEN<\/h4>\n[\/vc_column_text][\/vc_column][\/vc_row][vc_row type=&#8220;in_container&#8220; full_screen_row_position=&#8220;middle&#8220; column_margin=&#8220;default&#8220; column_direction=&#8220;default&#8220; column_direction_tablet=&#8220;default&#8220; column_direction_phone=&#8220;default&#8220; scene_position=&#8220;center&#8220; bottom_padding=&#8220;20&#8243; text_color=&#8220;dark&#8220; text_align=&#8220;left&#8220; row_border_radius=&#8220;none&#8220; row_border_radius_applies=&#8220;bg&#8220; overlay_strength=&#8220;0.3&#8243; gradient_direction=&#8220;left_to_right&#8220; shape_divider_position=&#8220;bottom&#8220; bg_image_animation=&#8220;none&#8220; shape_type=&#8220;&#8220;][vc_column column_padding=&#8220;no-extra-padding&#8220; column_padding_tablet=&#8220;inherit&#8220; column_padding_phone=&#8220;inherit&#8220; column_padding_position=&#8220;all&#8220; bottom_margin=&#8220;0&#8243; bottom_margin_tablet=&#8220;0&#8243; bottom_margin_phone=&#8220;0&#8243; background_color_opacity=&#8220;1&#8243; background_hover_color_opacity=&#8220;1&#8243; column_shadow=&#8220;none&#8220; column_border_radius=&#8220;none&#8220; column_link_target=&#8220;_self&#8220; gradient_direction=&#8220;left_to_right&#8220; overlay_strength=&#8220;0.3&#8243; width=&#8220;1\/2&#8243; tablet_width_inherit=&#8220;default&#8220; tablet_text_alignment=&#8220;default&#8220; phone_text_alignment=&#8220;default&#8220; column_border_width=&#8220;none&#8220; column_border_style=&#8220;solid&#8220; bg_image_animation=&#8220;none&#8220;]<div class=\"nectar-fancy-ul\" data-list-icon=\"icon-ok\" data-animation=\"false\" data-animation-delay=\"0\" data-color=\"accent-color\" data-spacing=\"default\" data-alignment=\"left\"> \n<ul>\n<li>Formatbereich: 175mm x 145mm<\/li>\n<li>Max. Napftiefe:\u00a0 12mm (in Standardversion)<\/li>\n<li>Bedienung: Manuell bedienbar<\/li>\n<li>Ben\u00f6tigte Druckluft: 5 cfm<\/li>\n<\/ul>\n <\/div>[\/vc_column][vc_column column_padding=&#8220;no-extra-padding&#8220; column_padding_tablet=&#8220;inherit&#8220; column_padding_phone=&#8220;inherit&#8220; column_padding_position=&#8220;all&#8220; bottom_margin=&#8220;0&#8243; bottom_margin_tablet=&#8220;0&#8243; bottom_margin_phone=&#8220;0&#8243; background_color_opacity=&#8220;1&#8243; background_hover_color_opacity=&#8220;1&#8243; column_shadow=&#8220;none&#8220; column_border_radius=&#8220;none&#8220; column_link_target=&#8220;_self&#8220; gradient_direction=&#8220;left_to_right&#8220; overlay_strength=&#8220;0.3&#8243; width=&#8220;1\/2&#8243; tablet_width_inherit=&#8220;default&#8220; tablet_text_alignment=&#8220;default&#8220; phone_text_alignment=&#8220;default&#8220; column_border_width=&#8220;none&#8220; column_border_style=&#8220;solid&#8220; bg_image_animation=&#8220;none&#8220;]<div class=\"nectar-fancy-ul\" data-list-icon=\"icon-ok\" data-animation=\"false\" data-animation-delay=\"0\" data-color=\"accent-color\" data-spacing=\"default\" data-alignment=\"left\"> \n<ul>\n<li>Abmessungen (L x B x H): 700 x 730 x 1670 mm<\/li>\n<li>Bodenfolie: PVC, PVDC, Aclar, Triplex<\/li>\n<li>Deckelfolie: ALU, Papier, CR Pergamin, Papier<\/li>\n<li>K\u00fchlwasserbedarf: 10 Liter\/min<\/li>\n<li>Gewicht: 700 kg<\/li>\n<\/ul>\n <\/div>[\/vc_column][\/vc_row]\n","protected":false},"excerpt":{"rendered":"<p>[vc_row type=&#8220;in_container&#8220; full_screen_row_position=&#8220;middle&#8220; column_margin=&#8220;default&#8220; column_direction=&#8220;default&#8220; column_direction_tablet=&#8220;default&#8220; column_direction_phone=&#8220;default&#8220; scene_position=&#8220;center&#8220; text_color=&#8220;dark&#8220; text_align=&#8220;left&#8220; row_border_radius=&#8220;none&#8220; row_border_radius_applies=&#8220;bg&#8220; overlay_strength=&#8220;0.3&#8243; gradient_direction=&#8220;left_to_right&#8220; shape_divider_position=&#8220;bottom&#8220; bg_image_animation=&#8220;none&#8220; shape_type=&#8220;&#8220;][vc_column column_padding=&#8220;no-extra-padding&#8220; column_padding_tablet=&#8220;inherit&#8220; column_padding_phone=&#8220;inherit&#8220; column_padding_position=&#8220;all&#8220; background_color_opacity=&#8220;1&#8243; background_hover_color_opacity=&#8220;1&#8243; column_shadow=&#8220;none&#8220; column_border_radius=&#8220;none&#8220; column_link_target=&#8220;_self&#8220; gradient_direction=&#8220;left_to_right&#8220; overlay_strength=&#8220;0.3&#8243; width=&#8220;1\/1&#8243; tablet_width_inherit=&#8220;default&#8220;&#8230;<\/p>\n","protected":false},"author":1,"featured_media":0,"parent":0,"menu_order":0,"comment_status":"closed","ping_status":"closed","template":"","meta":{"footnotes":""},"class_list":["post-3523","page","type-page","status-publish"],"yoast_head":"<!-- This site is optimized with the Yoast SEO plugin v27.0 - https:\/\/yoast.com\/product\/yoast-seo-wordpress\/ -->\n<title>Blis Lab 100 Blister Packaging Machine in Mumbai, India | Accupack<\/title>\n<meta name=\"description\" content=\"We are the top Manufacturers of Blis lab 100 Blister Packaging Machines in Mumbai. This model combines a compact design with touch screen controls for maximum convenience and performance.\" \/>\n<meta name=\"robots\" content=\"index, follow, max-snippet:-1, max-image-preview:large, max-video-preview:-1\" \/>\n<link rel=\"canonical\" href=\"https:\/\/www.accupackengineering.com\/de\/blis-lab\/\" \/>\n<meta property=\"og:locale\" content=\"de_DE\" \/>\n<meta property=\"og:type\" content=\"article\" \/>\n<meta property=\"og:title\" content=\"Blis Lab 100 Blister Packaging Machine in Mumbai, India | Accupack\" \/>\n<meta property=\"og:description\" content=\"We are the top Manufacturers of Blis lab 100 Blister Packaging Machines in Mumbai. This model combines a compact design with touch screen controls for maximum convenience and performance.\" \/>\n<meta property=\"og:url\" content=\"https:\/\/www.accupackengineering.com\/de\/blis-lab\/\" \/>\n<meta property=\"og:site_name\" content=\"Accupack\" \/>\n<meta property=\"article:modified_time\" content=\"2022-03-16T17:32:39+00:00\" \/>\n<meta name=\"twitter:card\" content=\"summary_large_image\" \/>\n<meta name=\"twitter:label1\" content=\"Gesch\u00e4tzte Lesezeit\" \/>\n\t<meta name=\"twitter:data1\" content=\"2\u00a0Minuten\" \/>\n<script type=\"application\/ld+json\" class=\"yoast-schema-graph\">{\"@context\":\"https:\/\/schema.org\",\"@graph\":[{\"@type\":\"WebPage\",\"@id\":\"https:\/\/www.accupackengineering.com\/de\/blis-lab\/\",\"url\":\"https:\/\/www.accupackengineering.com\/de\/blis-lab\/\",\"name\":\"Blis Lab 100 Blister Packaging Machine in Mumbai, India | Accupack\",\"isPartOf\":{\"@id\":\"https:\/\/www.accupackengineering.com\/de\/#website\"},\"datePublished\":\"2021-01-18T11:39:39+00:00\",\"dateModified\":\"2022-03-16T17:32:39+00:00\",\"description\":\"We are the top Manufacturers of Blis lab 100 Blister Packaging Machines in Mumbai. This model combines a compact design with touch screen controls for maximum convenience and performance.\",\"inLanguage\":\"de\",\"potentialAction\":[{\"@type\":\"ReadAction\",\"target\":[\"https:\/\/www.accupackengineering.com\/de\/blis-lab\/\"]}]},{\"@type\":\"WebSite\",\"@id\":\"https:\/\/www.accupackengineering.com\/de\/#website\",\"url\":\"https:\/\/www.accupackengineering.com\/de\/\",\"name\":\"Accupack\",\"description\":\"Accupack\",\"potentialAction\":[{\"@type\":\"SearchAction\",\"target\":{\"@type\":\"EntryPoint\",\"urlTemplate\":\"https:\/\/www.accupackengineering.com\/de\/?s={search_term_string}\"},\"query-input\":{\"@type\":\"PropertyValueSpecification\",\"valueRequired\":true,\"valueName\":\"search_term_string\"}}],\"inLanguage\":\"de\"}]}<\/script>\n<!-- \/ Yoast SEO plugin. -->","yoast_head_json":{"title":"Blis Lab 100 Blister Packaging Machine in Mumbai, India | Accupack","description":"We are the top Manufacturers of Blis lab 100 Blister Packaging Machines in Mumbai. This model combines a compact design with touch screen controls for maximum convenience and performance.","robots":{"index":"index","follow":"follow","max-snippet":"max-snippet:-1","max-image-preview":"max-image-preview:large","max-video-preview":"max-video-preview:-1"},"canonical":"https:\/\/www.accupackengineering.com\/de\/blis-lab\/","og_locale":"de_DE","og_type":"article","og_title":"Blis Lab 100 Blister Packaging Machine in Mumbai, India | Accupack","og_description":"We are the top Manufacturers of Blis lab 100 Blister Packaging Machines in Mumbai. This model combines a compact design with touch screen controls for maximum convenience and performance.","og_url":"https:\/\/www.accupackengineering.com\/de\/blis-lab\/","og_site_name":"Accupack","article_modified_time":"2022-03-16T17:32:39+00:00","twitter_card":"summary_large_image","twitter_misc":{"Gesch\u00e4tzte Lesezeit":"2\u00a0Minuten"},"schema":{"@context":"https:\/\/schema.org","@graph":[{"@type":"WebPage","@id":"https:\/\/www.accupackengineering.com\/de\/blis-lab\/","url":"https:\/\/www.accupackengineering.com\/de\/blis-lab\/","name":"Blis Lab 100 Blister Packaging Machine in Mumbai, India | Accupack","isPartOf":{"@id":"https:\/\/www.accupackengineering.com\/de\/#website"},"datePublished":"2021-01-18T11:39:39+00:00","dateModified":"2022-03-16T17:32:39+00:00","description":"We are the top Manufacturers of Blis lab 100 Blister Packaging Machines in Mumbai. This model combines a compact design with touch screen controls for maximum convenience and performance.","inLanguage":"de","potentialAction":[{"@type":"ReadAction","target":["https:\/\/www.accupackengineering.com\/de\/blis-lab\/"]}]},{"@type":"WebSite","@id":"https:\/\/www.accupackengineering.com\/de\/#website","url":"https:\/\/www.accupackengineering.com\/de\/","name":"Accupack","description":"Accupack","potentialAction":[{"@type":"SearchAction","target":{"@type":"EntryPoint","urlTemplate":"https:\/\/www.accupackengineering.com\/de\/?s={search_term_string}"},"query-input":{"@type":"PropertyValueSpecification","valueRequired":true,"valueName":"search_term_string"}}],"inLanguage":"de"}]}},"_links":{"self":[{"href":"https:\/\/www.accupackengineering.com\/de\/wp-json\/wp\/v2\/pages\/3523","targetHints":{"allow":["GET"]}}],"collection":[{"href":"https:\/\/www.accupackengineering.com\/de\/wp-json\/wp\/v2\/pages"}],"about":[{"href":"https:\/\/www.accupackengineering.com\/de\/wp-json\/wp\/v2\/types\/page"}],"author":[{"embeddable":true,"href":"https:\/\/www.accupackengineering.com\/de\/wp-json\/wp\/v2\/users\/1"}],"replies":[{"embeddable":true,"href":"https:\/\/www.accupackengineering.com\/de\/wp-json\/wp\/v2\/comments?post=3523"}],"version-history":[{"count":6,"href":"https:\/\/www.accupackengineering.com\/de\/wp-json\/wp\/v2\/pages\/3523\/revisions"}],"predecessor-version":[{"id":4673,"href":"https:\/\/www.accupackengineering.com\/de\/wp-json\/wp\/v2\/pages\/3523\/revisions\/4673"}],"wp:attachment":[{"href":"https:\/\/www.accupackengineering.com\/de\/wp-json\/wp\/v2\/media?parent=3523"}],"curies":[{"name":"wp","href":"https:\/\/api.w.org\/{rel}","templated":true}]}}