{"id":3560,"date":"2021-01-18T12:04:12","date_gmt":"2021-01-18T12:04:12","guid":{"rendered":"https:\/\/www.accupackengineering.com\/format-parts\/"},"modified":"2022-03-18T19:33:17","modified_gmt":"2022-03-18T19:33:17","slug":"format-parts","status":"publish","type":"page","link":"https:\/\/www.accupackengineering.com\/de\/format-parts\/","title":{"rendered":"Formatteile"},"content":{"rendered":"[vc_row type=&#8220;in_container&#8220; full_screen_row_position=&#8220;middle&#8220; column_margin=&#8220;default&#8220; column_direction=&#8220;default&#8220; column_direction_tablet=&#8220;default&#8220; column_direction_phone=&#8220;default&#8220; scene_position=&#8220;center&#8220; text_color=&#8220;dark&#8220; text_align=&#8220;left&#8220; row_border_radius=&#8220;none&#8220; row_border_radius_applies=&#8220;bg&#8220; overlay_strength=&#8220;0.3&#8243; gradient_direction=&#8220;left_to_right&#8220; shape_divider_position=&#8220;bottom&#8220; bg_image_animation=&#8220;none&#8220; shape_type=&#8220;&#8220;][vc_column column_padding=&#8220;no-extra-padding&#8220; column_padding_tablet=&#8220;inherit&#8220; column_padding_phone=&#8220;inherit&#8220; column_padding_position=&#8220;all&#8220; background_color_opacity=&#8220;1&#8243; background_hover_color_opacity=&#8220;1&#8243; column_shadow=&#8220;none&#8220; column_border_radius=&#8220;none&#8220; column_link_target=&#8220;_self&#8220; gradient_direction=&#8220;left_to_right&#8220; overlay_strength=&#8220;0.3&#8243; width=&#8220;1\/1&#8243; tablet_width_inherit=&#8220;default&#8220; tablet_text_alignment=&#8220;default&#8220; phone_text_alignment=&#8220;default&#8220; column_border_width=&#8220;none&#8220; column_border_style=&#8220;solid&#8220; bg_image_animation=&#8220;none&#8220;][vc_column_text]Accupack ist der weltweit gr\u00f6\u00dfte Hersteller von <strong>Formatteilen \/ <\/strong>f\u00fcr Blister- und Kartoniermaschinen f\u00fcr die pharmazeutische Industrie. Wir bieten komplette Formats\u00e4tze f\u00fcr fast alle bekannten Blister- und Kartoniermaschinenmodelle an.<\/p>\n<p>Wir wissen, wie wichtig zeitnahe L\u00f6sungen f\u00fcr unsere Kunden sind, die kosteneffizient und produktiv sind, und konzentrieren uns darauf, unseren Kunden eine optimale L\u00f6sung f\u00fcr alle <strong>Formatteilanforderungen f\u00fcr Blister- und Kartoniermaschinen zu liefern.<\/strong><\/p>\n<p>Unsere Produktpalette umfasst <strong>Thermoform-, Kaltform-, Tropen- und Tiefziehblister-Werkzeuge.<\/strong> Wir haben gro\u00dfe Erfahrung in der Lieferung von speziellen Blisterzuf\u00fchrsystemen wie gezielten Zuf\u00fchrungen mit und ohne Walze, B\u00fcrstenkastensystemen und auch Sonderzuf\u00fchrungen.<\/p>\n<p>Als One-Stop-Shop f\u00fcr Ihren kompletten Formatteilebedarf bietet Accupack die Vorteile einer nahtlosen Integration und eines effizienten\u00a0 Projektmanagements. Unabh\u00e4ngig davon, ob es sich bei Ihrer Verpackungslinie um eine integrierte Blister-Kartonierlinie desselben Anbieters oder um eine kundenspezifische Linie handelt, die aus Ger\u00e4ten verschiedener Hersteller besteht, k\u00f6nnen wir Ihnen das h\u00f6chste Niveau an Werkzeugqualit\u00e4t und Service f\u00fcr alle Ihre Blisterverpackungs- und Kartonierformatteile bieten.<\/p>\n<p>In unserem Formatkompetenzzentrum in Navi Mumbai, arbeitet ein Team erfahrener und hochqualifizierter Fachleute in unserer hochmodernen Produktionsst\u00e4tte mit der neuesten CADCAM-Software und CNC-Maschinen. Wir verf\u00fcgen \u00fcber neun verschiedene Blisterverpackungsmaschinen in unserem Werk, was das Testen und Validieren von Blisterwerkzeugen vor dem Versand erm\u00f6glicht, und sicherstellt, dass das Produkt &#8222;Plug-and-Play&#8220;-bereit ist, wenn es bei Ihnen eintrifft.[\/vc_column_text][\/vc_column][\/vc_row][vc_row type=&#8220;full_width_background&#8220; full_screen_row_position=&#8220;middle&#8220; column_margin=&#8220;default&#8220; column_direction=&#8220;default&#8220; column_direction_tablet=&#8220;default&#8220; column_direction_phone=&#8220;default&#8220; bg_image=&#8220;3329&#8243; bg_position=&#8220;center center&#8220; bg_repeat=&#8220;no-repeat&#8220; scene_position=&#8220;center&#8220; top_padding=&#8220;35%&#8220; text_color=&#8220;dark&#8220; text_align=&#8220;left&#8220; row_border_radius=&#8220;none&#8220; row_border_radius_applies=&#8220;bg&#8220; overlay_strength=&#8220;0.3&#8243; gradient_direction=&#8220;left_to_right&#8220; shape_divider_position=&#8220;bottom&#8220; bg_image_animation=&#8220;none&#8220; parallax_bg=&#8220;true&#8220; parallax_bg_speed=&#8220;fixed&#8220; shape_type=&#8220;&#8220;][vc_column column_padding=&#8220;no-extra-padding&#8220; column_padding_tablet=&#8220;inherit&#8220; column_padding_phone=&#8220;inherit&#8220; column_padding_position=&#8220;all&#8220; background_color_opacity=&#8220;1&#8243; background_hover_color_opacity=&#8220;1&#8243; column_shadow=&#8220;none&#8220; column_border_radius=&#8220;none&#8220; column_link_target=&#8220;_self&#8220; gradient_direction=&#8220;left_to_right&#8220; overlay_strength=&#8220;0.3&#8243; width=&#8220;1\/1&#8243; tablet_width_inherit=&#8220;default&#8220; tablet_text_alignment=&#8220;default&#8220; phone_text_alignment=&#8220;default&#8220; column_border_width=&#8220;none&#8220; column_border_style=&#8220;solid&#8220; bg_image_animation=&#8220;none&#8220;][\/vc_column][\/vc_row][vc_row type=&#8220;full_width_background&#8220; full_screen_row_position=&#8220;middle&#8220; column_margin=&#8220;default&#8220; column_direction=&#8220;default&#8220; column_direction_tablet=&#8220;default&#8220; column_direction_phone=&#8220;default&#8220; bg_color=&#8220;#7b7979&#8243; scene_position=&#8220;center&#8220; top_padding=&#8220;25&#8243; bottom_padding=&#8220;25&#8243; text_color=&#8220;light&#8220; text_align=&#8220;left&#8220; row_border_radius=&#8220;none&#8220; row_border_radius_applies=&#8220;bg&#8220; overlay_strength=&#8220;0.3&#8243; gradient_direction=&#8220;left_to_right&#8220; shape_divider_position=&#8220;bottom&#8220; bg_image_animation=&#8220;none&#8220; shape_type=&#8220;&#8220;][vc_column column_padding=&#8220;no-extra-padding&#8220; column_padding_tablet=&#8220;inherit&#8220; column_padding_phone=&#8220;inherit&#8220; column_padding_position=&#8220;all&#8220; background_color_opacity=&#8220;1&#8243; background_hover_color_opacity=&#8220;1&#8243; column_shadow=&#8220;none&#8220; column_border_radius=&#8220;none&#8220; column_link_target=&#8220;_self&#8220; gradient_direction=&#8220;left_to_right&#8220; overlay_strength=&#8220;0.3&#8243; width=&#8220;1\/1&#8243; tablet_width_inherit=&#8220;default&#8220; tablet_text_alignment=&#8220;default&#8220; phone_text_alignment=&#8220;default&#8220; column_border_width=&#8220;none&#8220; column_border_style=&#8220;solid&#8220; bg_image_animation=&#8220;none&#8220;][vc_column_text]\n<h3 class=\"fancy-title animation fadeInLeft animation-active\"><strong>IHRE VORTEILE<\/strong><\/h3>\n[\/vc_column_text][\/vc_column][\/vc_row][vc_row type=&#8220;full_width_background&#8220; full_screen_row_position=&#8220;middle&#8220; column_margin=&#8220;default&#8220; column_direction=&#8220;default&#8220; column_direction_tablet=&#8220;default&#8220; column_direction_phone=&#8220;default&#8220; bg_color=&#8220;#ebebeb&#8220; scene_position=&#8220;center&#8220; top_padding=&#8220;45&#8243; bottom_padding=&#8220;30&#8243; text_color=&#8220;dark&#8220; text_align=&#8220;left&#8220; row_border_radius=&#8220;none&#8220; row_border_radius_applies=&#8220;bg&#8220; overlay_strength=&#8220;0.3&#8243; gradient_direction=&#8220;left_to_right&#8220; shape_divider_position=&#8220;bottom&#8220; bg_image_animation=&#8220;none&#8220; shape_type=&#8220;&#8220;][vc_column column_padding=&#8220;no-extra-padding&#8220; column_padding_tablet=&#8220;inherit&#8220; column_padding_phone=&#8220;inherit&#8220; column_padding_position=&#8220;all&#8220; background_color_opacity=&#8220;1&#8243; background_hover_color_opacity=&#8220;1&#8243; column_shadow=&#8220;none&#8220; column_border_radius=&#8220;none&#8220; column_link_target=&#8220;_self&#8220; gradient_direction=&#8220;left_to_right&#8220; overlay_strength=&#8220;0.3&#8243; width=&#8220;1\/1&#8243; tablet_width_inherit=&#8220;default&#8220; tablet_text_alignment=&#8220;default&#8220; phone_text_alignment=&#8220;default&#8220; column_border_width=&#8220;none&#8220; column_border_style=&#8220;solid&#8220; bg_image_animation=&#8220;none&#8220;]<div class=\"nectar-fancy-ul\" data-list-icon=\"icon-ok\" data-animation=\"false\" data-animation-delay=\"0\" data-color=\"accent-color\" data-spacing=\"default\" data-alignment=\"left\"> \n<ul>\n<li>Montage und Fertigung aus einer Hand f\u00fcr passgenaue Werkzeuge, die Ihre Anforderungen perfekt erf\u00fcllen<\/li>\n<li>Einfaches Plug and Play<\/li>\n<li>H\u00f6chstes Qualit\u00e4tsniveau durch unser umfassendes Qualit\u00e4tsmanagementsystem und klar definierter Qualit\u00e4tsrichtlinien<\/li>\n<li>Validierungsdokumentation und Material of Construction (MOC)-Zertifikate f\u00fcr die gelieferten Formatteile<\/li>\n<li>vor-Ort-Service zur Inbetriebnahme und Schulung<\/li>\n<\/ul>\n <\/div>[\/vc_column][\/vc_row][vc_row type=&#8220;in_container&#8220; full_screen_row_position=&#8220;middle&#8220; column_margin=&#8220;default&#8220; column_direction=&#8220;default&#8220; column_direction_tablet=&#8220;default&#8220; column_direction_phone=&#8220;default&#8220; scene_position=&#8220;center&#8220; top_padding=&#8220;25&#8243; bottom_padding=&#8220;25&#8243; text_color=&#8220;dark&#8220; text_align=&#8220;left&#8220; row_border_radius=&#8220;none&#8220; row_border_radius_applies=&#8220;bg&#8220; overlay_strength=&#8220;0.3&#8243; gradient_direction=&#8220;left_to_right&#8220; shape_divider_position=&#8220;bottom&#8220; bg_image_animation=&#8220;none&#8220; shape_type=&#8220;&#8220;][vc_column column_padding=&#8220;no-extra-padding&#8220; column_padding_tablet=&#8220;inherit&#8220; column_padding_phone=&#8220;inherit&#8220; column_padding_position=&#8220;all&#8220; background_color_opacity=&#8220;1&#8243; background_hover_color_opacity=&#8220;1&#8243; column_shadow=&#8220;none&#8220; column_border_radius=&#8220;none&#8220; column_link_target=&#8220;_self&#8220; gradient_direction=&#8220;left_to_right&#8220; overlay_strength=&#8220;0.3&#8243; width=&#8220;1\/1&#8243; tablet_width_inherit=&#8220;default&#8220; tablet_text_alignment=&#8220;default&#8220; phone_text_alignment=&#8220;default&#8220; column_border_width=&#8220;none&#8220; column_border_style=&#8220;solid&#8220; bg_image_animation=&#8220;none&#8220;][vc_column_text]\n<h2 class=\"fancy-title animation fadeInLeft animation-active\"><strong>FORMATTEILWAGEN &#8211; EASYCARE<\/strong><\/h2>\n[\/vc_column_text][divider line_type=&#8220;No Line&#8220; custom_height=&#8220;20&#8243;][vc_column_text]Die Standzeit von <strong>Formatteilen<\/strong> und <strong>Blisterformaten<\/strong> ist eine wachsende Herausforderung f\u00fcr Pharmaunternehmen. Formatteile werden oft durch Unachtsamkeit oder nicht korrektes Handling bei der Produktion besch\u00e4digt. Um diesem zu entgegnen haben wir Easycare entwickelt. Das Easycare-System ist ein praktischer und kompakt gestaltetes\u00a0<strong>Formatteilverwahrungssystem<\/strong>, das den Formatwechsel deutlich vereinfacht und sicher macht.[\/vc_column_text][\/vc_column][\/vc_row][vc_row type=&#8220;full_width_background&#8220; full_screen_row_position=&#8220;middle&#8220; column_margin=&#8220;default&#8220; column_direction=&#8220;default&#8220; column_direction_tablet=&#8220;default&#8220; column_direction_phone=&#8220;default&#8220; bg_image=&#8220;3263&#8243; bg_position=&#8220;left top&#8220; bg_repeat=&#8220;no-repeat&#8220; scene_position=&#8220;center&#8220; top_padding=&#8220;35%&#8220; text_color=&#8220;dark&#8220; text_align=&#8220;left&#8220; row_border_radius=&#8220;none&#8220; row_border_radius_applies=&#8220;bg&#8220; overlay_strength=&#8220;0.3&#8243; gradient_direction=&#8220;left_to_right&#8220; shape_divider_position=&#8220;bottom&#8220; bg_image_animation=&#8220;none&#8220; parallax_bg=&#8220;true&#8220; parallax_bg_speed=&#8220;fixed&#8220; shape_type=&#8220;&#8220;][vc_column column_padding=&#8220;no-extra-padding&#8220; column_padding_tablet=&#8220;inherit&#8220; column_padding_phone=&#8220;inherit&#8220; column_padding_position=&#8220;all&#8220; background_color_opacity=&#8220;1&#8243; background_hover_color_opacity=&#8220;1&#8243; column_shadow=&#8220;none&#8220; column_border_radius=&#8220;none&#8220; column_link_target=&#8220;_self&#8220; gradient_direction=&#8220;left_to_right&#8220; overlay_strength=&#8220;0.3&#8243; width=&#8220;1\/1&#8243; tablet_width_inherit=&#8220;default&#8220; tablet_text_alignment=&#8220;default&#8220; phone_text_alignment=&#8220;default&#8220; column_border_width=&#8220;none&#8220; column_border_style=&#8220;solid&#8220; bg_image_animation=&#8220;none&#8220;][\/vc_column][\/vc_row][vc_row type=&#8220;full_width_background&#8220; full_screen_row_position=&#8220;middle&#8220; column_margin=&#8220;default&#8220; column_direction=&#8220;default&#8220; column_direction_tablet=&#8220;default&#8220; column_direction_phone=&#8220;default&#8220; bg_color=&#8220;#7b7979&#8243; scene_position=&#8220;center&#8220; top_padding=&#8220;25&#8243; bottom_padding=&#8220;25&#8243; text_color=&#8220;light&#8220; text_align=&#8220;left&#8220; row_border_radius=&#8220;none&#8220; row_border_radius_applies=&#8220;bg&#8220; overlay_strength=&#8220;0.3&#8243; gradient_direction=&#8220;left_to_right&#8220; shape_divider_position=&#8220;bottom&#8220; bg_image_animation=&#8220;none&#8220; shape_type=&#8220;&#8220;][vc_column column_padding=&#8220;no-extra-padding&#8220; column_padding_tablet=&#8220;inherit&#8220; column_padding_phone=&#8220;inherit&#8220; column_padding_position=&#8220;all&#8220; background_color_opacity=&#8220;1&#8243; background_hover_color_opacity=&#8220;1&#8243; column_shadow=&#8220;none&#8220; column_border_radius=&#8220;none&#8220; column_link_target=&#8220;_self&#8220; gradient_direction=&#8220;left_to_right&#8220; overlay_strength=&#8220;0.3&#8243; width=&#8220;1\/1&#8243; tablet_width_inherit=&#8220;default&#8220; tablet_text_alignment=&#8220;default&#8220; phone_text_alignment=&#8220;default&#8220; column_border_width=&#8220;none&#8220; column_border_style=&#8220;solid&#8220; bg_image_animation=&#8220;none&#8220;][vc_column_text]\n<h3 class=\"fancy-title animation fadeInLeft animation-active\"><strong>BESONDERE EIGENSCHAFTEN<\/strong><\/h3>\n[\/vc_column_text][\/vc_column][\/vc_row][vc_row type=&#8220;full_width_background&#8220; full_screen_row_position=&#8220;middle&#8220; column_margin=&#8220;default&#8220; column_direction=&#8220;default&#8220; column_direction_tablet=&#8220;default&#8220; column_direction_phone=&#8220;default&#8220; bg_color=&#8220;#ebebeb&#8220; scene_position=&#8220;center&#8220; top_padding=&#8220;45&#8243; bottom_padding=&#8220;30&#8243; text_color=&#8220;dark&#8220; text_align=&#8220;left&#8220; row_border_radius=&#8220;none&#8220; row_border_radius_applies=&#8220;bg&#8220; overlay_strength=&#8220;0.3&#8243; gradient_direction=&#8220;left_to_right&#8220; shape_divider_position=&#8220;bottom&#8220; bg_image_animation=&#8220;none&#8220; shape_type=&#8220;&#8220;][vc_column column_padding=&#8220;no-extra-padding&#8220; column_padding_tablet=&#8220;inherit&#8220; column_padding_phone=&#8220;inherit&#8220; column_padding_position=&#8220;all&#8220; background_color_opacity=&#8220;1&#8243; background_hover_color_opacity=&#8220;1&#8243; column_shadow=&#8220;none&#8220; column_border_radius=&#8220;none&#8220; column_link_target=&#8220;_self&#8220; gradient_direction=&#8220;left_to_right&#8220; overlay_strength=&#8220;0.3&#8243; width=&#8220;1\/1&#8243; tablet_width_inherit=&#8220;default&#8220; tablet_text_alignment=&#8220;default&#8220; phone_text_alignment=&#8220;default&#8220; column_border_width=&#8220;none&#8220; column_border_style=&#8220;solid&#8220; bg_image_animation=&#8220;none&#8220;]<div class=\"nectar-fancy-ul\" data-list-icon=\"icon-ok\" data-animation=\"false\" data-animation-delay=\"0\" data-color=\"accent-color\" data-spacing=\"default\" data-alignment=\"left\"> \n<ul>\n<li>Sicherer Transport von Formatteilen<\/li>\n<li>Individuell anpassbar je nach Maschinenmodell<\/li>\n<li>Entwickelt f\u00fcr die Sicherheit des Bedieners<\/li>\n<li>Stabile &amp; kompakte Bauweise<\/li>\n<li>Sichert die Langlebigkeit der Formatteile<\/li>\n<li>Erm\u00f6glicht einfaches und schnelles Umr\u00fcsten<\/li>\n<\/ul>\n <\/div>[\/vc_column][\/vc_row]\n","protected":false},"excerpt":{"rendered":"<p>[vc_row type=&#8220;in_container&#8220; full_screen_row_position=&#8220;middle&#8220; column_margin=&#8220;default&#8220; column_direction=&#8220;default&#8220; column_direction_tablet=&#8220;default&#8220; column_direction_phone=&#8220;default&#8220; scene_position=&#8220;center&#8220; text_color=&#8220;dark&#8220; text_align=&#8220;left&#8220; row_border_radius=&#8220;none&#8220; row_border_radius_applies=&#8220;bg&#8220; overlay_strength=&#8220;0.3&#8243; gradient_direction=&#8220;left_to_right&#8220; shape_divider_position=&#8220;bottom&#8220; bg_image_animation=&#8220;none&#8220; shape_type=&#8220;&#8220;][vc_column column_padding=&#8220;no-extra-padding&#8220; column_padding_tablet=&#8220;inherit&#8220; column_padding_phone=&#8220;inherit&#8220; column_padding_position=&#8220;all&#8220; background_color_opacity=&#8220;1&#8243; background_hover_color_opacity=&#8220;1&#8243; column_shadow=&#8220;none&#8220; column_border_radius=&#8220;none&#8220; column_link_target=&#8220;_self&#8220; gradient_direction=&#8220;left_to_right&#8220; overlay_strength=&#8220;0.3&#8243; width=&#8220;1\/1&#8243; tablet_width_inherit=&#8220;default&#8220;&#8230;<\/p>\n","protected":false},"author":1,"featured_media":0,"parent":0,"menu_order":0,"comment_status":"closed","ping_status":"closed","template":"","meta":{"footnotes":""},"class_list":["post-3560","page","type-page","status-publish"],"yoast_head":"<!-- This site is optimized with the Yoast SEO plugin v27.0 - https:\/\/yoast.com\/product\/yoast-seo-wordpress\/ -->\n<title>Blister Feeding System | Format Parts\/Change Parts Manufacturer | Accupack<\/title>\n<meta name=\"description\" content=\"We are asia\u2019s largest format parts\/change parts manufacturer for blister machines, with a vast experience in supply of blister feeding systems.\" \/>\n<meta name=\"robots\" content=\"index, follow, max-snippet:-1, max-image-preview:large, max-video-preview:-1\" \/>\n<link rel=\"canonical\" href=\"https:\/\/www.accupackengineering.com\/de\/format-parts\/\" \/>\n<meta property=\"og:locale\" content=\"de_DE\" \/>\n<meta property=\"og:type\" content=\"article\" \/>\n<meta property=\"og:title\" content=\"Blister Feeding System | Format Parts\/Change Parts Manufacturer | Accupack\" \/>\n<meta property=\"og:description\" content=\"We are asia\u2019s largest format parts\/change parts manufacturer for blister machines, with a vast experience in supply of blister feeding systems.\" \/>\n<meta property=\"og:url\" content=\"https:\/\/www.accupackengineering.com\/de\/format-parts\/\" \/>\n<meta property=\"og:site_name\" content=\"Accupack\" \/>\n<meta property=\"article:modified_time\" content=\"2022-03-18T19:33:17+00:00\" \/>\n<meta name=\"twitter:card\" content=\"summary_large_image\" \/>\n<meta name=\"twitter:label1\" content=\"Gesch\u00e4tzte Lesezeit\" \/>\n\t<meta name=\"twitter:data1\" content=\"3\u00a0Minuten\" \/>\n<script type=\"application\/ld+json\" class=\"yoast-schema-graph\">{\"@context\":\"https:\/\/schema.org\",\"@graph\":[{\"@type\":\"WebPage\",\"@id\":\"https:\/\/www.accupackengineering.com\/de\/format-parts\/\",\"url\":\"https:\/\/www.accupackengineering.com\/de\/format-parts\/\",\"name\":\"Blister Feeding System | Format Parts\/Change Parts Manufacturer | Accupack\",\"isPartOf\":{\"@id\":\"https:\/\/www.accupackengineering.com\/de\/#website\"},\"datePublished\":\"2021-01-18T12:04:12+00:00\",\"dateModified\":\"2022-03-18T19:33:17+00:00\",\"description\":\"We are asia\u2019s largest format parts\/change parts manufacturer for blister machines, with a vast experience in supply of blister feeding systems.\",\"inLanguage\":\"de\",\"potentialAction\":[{\"@type\":\"ReadAction\",\"target\":[\"https:\/\/www.accupackengineering.com\/de\/format-parts\/\"]}]},{\"@type\":\"WebSite\",\"@id\":\"https:\/\/www.accupackengineering.com\/de\/#website\",\"url\":\"https:\/\/www.accupackengineering.com\/de\/\",\"name\":\"Accupack\",\"description\":\"Accupack\",\"potentialAction\":[{\"@type\":\"SearchAction\",\"target\":{\"@type\":\"EntryPoint\",\"urlTemplate\":\"https:\/\/www.accupackengineering.com\/de\/?s={search_term_string}\"},\"query-input\":{\"@type\":\"PropertyValueSpecification\",\"valueRequired\":true,\"valueName\":\"search_term_string\"}}],\"inLanguage\":\"de\"}]}<\/script>\n<!-- \/ Yoast SEO plugin. -->","yoast_head_json":{"title":"Blister Feeding System | Format Parts\/Change Parts Manufacturer | Accupack","description":"We are asia\u2019s largest format parts\/change parts manufacturer for blister machines, with a vast experience in supply of blister feeding systems.","robots":{"index":"index","follow":"follow","max-snippet":"max-snippet:-1","max-image-preview":"max-image-preview:large","max-video-preview":"max-video-preview:-1"},"canonical":"https:\/\/www.accupackengineering.com\/de\/format-parts\/","og_locale":"de_DE","og_type":"article","og_title":"Blister Feeding System | Format Parts\/Change Parts Manufacturer | Accupack","og_description":"We are asia\u2019s largest format parts\/change parts manufacturer for blister machines, with a vast experience in supply of blister feeding systems.","og_url":"https:\/\/www.accupackengineering.com\/de\/format-parts\/","og_site_name":"Accupack","article_modified_time":"2022-03-18T19:33:17+00:00","twitter_card":"summary_large_image","twitter_misc":{"Gesch\u00e4tzte Lesezeit":"3\u00a0Minuten"},"schema":{"@context":"https:\/\/schema.org","@graph":[{"@type":"WebPage","@id":"https:\/\/www.accupackengineering.com\/de\/format-parts\/","url":"https:\/\/www.accupackengineering.com\/de\/format-parts\/","name":"Blister Feeding System | Format Parts\/Change Parts Manufacturer | Accupack","isPartOf":{"@id":"https:\/\/www.accupackengineering.com\/de\/#website"},"datePublished":"2021-01-18T12:04:12+00:00","dateModified":"2022-03-18T19:33:17+00:00","description":"We are asia\u2019s largest format parts\/change parts manufacturer for blister machines, with a vast experience in supply of blister feeding systems.","inLanguage":"de","potentialAction":[{"@type":"ReadAction","target":["https:\/\/www.accupackengineering.com\/de\/format-parts\/"]}]},{"@type":"WebSite","@id":"https:\/\/www.accupackengineering.com\/de\/#website","url":"https:\/\/www.accupackengineering.com\/de\/","name":"Accupack","description":"Accupack","potentialAction":[{"@type":"SearchAction","target":{"@type":"EntryPoint","urlTemplate":"https:\/\/www.accupackengineering.com\/de\/?s={search_term_string}"},"query-input":{"@type":"PropertyValueSpecification","valueRequired":true,"valueName":"search_term_string"}}],"inLanguage":"de"}]}},"_links":{"self":[{"href":"https:\/\/www.accupackengineering.com\/de\/wp-json\/wp\/v2\/pages\/3560","targetHints":{"allow":["GET"]}}],"collection":[{"href":"https:\/\/www.accupackengineering.com\/de\/wp-json\/wp\/v2\/pages"}],"about":[{"href":"https:\/\/www.accupackengineering.com\/de\/wp-json\/wp\/v2\/types\/page"}],"author":[{"embeddable":true,"href":"https:\/\/www.accupackengineering.com\/de\/wp-json\/wp\/v2\/users\/1"}],"replies":[{"embeddable":true,"href":"https:\/\/www.accupackengineering.com\/de\/wp-json\/wp\/v2\/comments?post=3560"}],"version-history":[{"count":7,"href":"https:\/\/www.accupackengineering.com\/de\/wp-json\/wp\/v2\/pages\/3560\/revisions"}],"predecessor-version":[{"id":3567,"href":"https:\/\/www.accupackengineering.com\/de\/wp-json\/wp\/v2\/pages\/3560\/revisions\/3567"}],"wp:attachment":[{"href":"https:\/\/www.accupackengineering.com\/de\/wp-json\/wp\/v2\/media?parent=3560"}],"curies":[{"name":"wp","href":"https:\/\/api.w.org\/{rel}","templated":true}]}}