{"id":4653,"date":"2022-02-23T03:38:52","date_gmt":"2022-02-23T03:38:52","guid":{"rendered":"https:\/\/www.accupackengineering.com\/the-challenges-and-benefits-of-accupack-in-europe-by-bernd-webel\/"},"modified":"2022-03-19T18:32:55","modified_gmt":"2022-03-19T18:32:55","slug":"the-challenges-and-benefits-of-accupack-in-europe-by-bernd-webel","status":"publish","type":"page","link":"https:\/\/www.accupackengineering.com\/de\/the-challenges-and-benefits-of-accupack-in-europe-by-bernd-webel\/","title":{"rendered":"Die Herausforderungen und Vorteile von Accupack in Europa von  Bernd Webel"},"content":{"rendered":"[vc_row type=&#8220;in_container&#8220; full_screen_row_position=&#8220;middle&#8220; column_margin=&#8220;default&#8220; column_direction=&#8220;default&#8220; column_direction_tablet=&#8220;default&#8220; column_direction_phone=&#8220;default&#8220; scene_position=&#8220;center&#8220; text_color=&#8220;dark&#8220; text_align=&#8220;left&#8220; row_border_radius=&#8220;none&#8220; row_border_radius_applies=&#8220;bg&#8220; overlay_strength=&#8220;0.3&#8243; gradient_direction=&#8220;left_to_right&#8220; shape_divider_position=&#8220;bottom&#8220; bg_image_animation=&#8220;none&#8220;][vc_column column_padding=&#8220;no-extra-padding&#8220; column_padding_tablet=&#8220;inherit&#8220; column_padding_phone=&#8220;inherit&#8220; column_padding_position=&#8220;all&#8220; background_color_opacity=&#8220;1&#8243; background_hover_color_opacity=&#8220;1&#8243; column_shadow=&#8220;none&#8220; column_border_radius=&#8220;none&#8220; column_link_target=&#8220;_self&#8220; gradient_direction=&#8220;left_to_right&#8220; overlay_strength=&#8220;0.3&#8243; width=&#8220;1\/1&#8243; tablet_width_inherit=&#8220;default&#8220; tablet_text_alignment=&#8220;default&#8220; phone_text_alignment=&#8220;default&#8220; column_border_width=&#8220;none&#8220; column_border_style=&#8220;solid&#8220; bg_image_animation=&#8220;none&#8220;][vc_column_text]Seit September dieses Jahres hat die Firma COMAQ CASOL begonnen, an der Einf\u00fchrung der ACCUPACK-Produkte in Spanien mitzuarbeiten.<\/p>\n<p>Dieses in Mumbai (Indien) und Europa (Deutschland) ans\u00e4ssige Unternehmen verf\u00fcgt \u00fcber zwei grundlegende Produktionslinien: Blisterlinien, mit einer Vielzahl von Modellen und die Herstellung von Formaten f\u00fcr Blisterlinien praktisch aller Hersteller und Modelle.<\/p>\n<p>ACCUPACK besteht seit \u00fcber 20 Jahren und nutzt seit 2015 ausschlie\u00dflich\u00a0 europ\u00e4ische Design- und Ingenieurb\u00fcros zur Konstruktion Ihrer qualitativ sowie technologisch hochstehenden Produkten. Mehr als 50.000 ausgelieferte Formate seit der Gr\u00fcndung sprechen f\u00fcr die weitgehende Expertise von Accupack mit 10.000 m<sup>2 <\/sup>Produktionsfl\u00e4che und mehr als 400 Mitarbeitern.<\/p>\n<p>Aus diesem Anlass wollten wir mit dem kaufm\u00e4nnischen Leiter f\u00fcr Europa, Herrn Bernd Webel, aus der deutschen Zentrale ein Gespr\u00e4ch f\u00fchren, um mit ihm \u00fcber seine pers\u00f6nlichen Erfahrungen und die Herausforderungen und Chancen zu sprechen, denen er sich in einem so aktiven und sich ver\u00e4ndernden Markt wie dem Pharmasektor stellen muss. Au\u00dferdem haben wir ihn um seine Meinung zu den Besonderheiten des Marktes in Spanien gebeten.<\/p>\n<p><strong>Compaq Casol:\u00a0<\/strong>Wie haben Sie Accupack kennengelernt und wie war die Entwicklung, bis Sie sich entschlossen haben, das Projekt zur Entwicklung der europ\u00e4ischen Einf\u00fchrung des Unternehmens in Angriff zu nehmen?<\/p>\n<p><strong>Bernd Webel:<\/strong>\u00a0Ich lernte Accupack auf der Interpack 2005 kennen. Ich leitete das globale Vertriebsteam f\u00fcr einen der Weltmarktf\u00fchrer f\u00fcr pharmazeutische Verpackungsl\u00f6sungen. Bei einem Gespr\u00e4ch mit unserem indischen Vertreter stellte dieser mich Herrn Sheth vor, einem der drei Accupack-Eigent\u00fcmer. Die Idee war geboren, dass Accupack Formatteile f\u00fcr uns herstellen k\u00f6nnte. Ich besuchte das Werk in Indien mit Kollegen aus dem technisch-konstruktiven und produktionstechnischen Bereich und war erstaunt \u00fcber die Qualit\u00e4t und Effizienz, mit der Accupack Formate f\u00fcr Blisterlinien aller Marken produzierte. Auch wenn die Zusammenarbeit nie begann, blieben wir in Kontakt, sahen uns auf den Messen, und wir haben eine sehr gute Beziehung entwickelt.<\/p>\n<p>Letztes Jahr kontaktierte Herr Sheth mich und berichtete, dass er nun nach Europa expandieren wolle und einen erfahrenen Manager in diesem Segment brauche. Wir sprachen viel miteinander und fanden eine gemeinsame Strategie, wie man ein europ\u00e4isches Gesch\u00e4ft aufbauen kann. Ich stand vor der Herausforderung, ein Unternehmen von Grund auf aufzubauen und alle meine Ideen und Visionen umzusetzen, um einen Anbieter zu schaffen, der zu 100 % die Bed\u00fcrfnisse der Kunden aus der Pharma- und Nahrungserg\u00e4nzungsmittelbranche erf\u00fcllt.<\/p>\n<p><strong>Comaq Casol:\u00a0<\/strong>Nach Ihrer umfangreichen Erfahrung in einem europ\u00e4ischen Verpackungskonzern mit Niederlassungen in Italien und Deutschland, einer globalen Pr\u00e4senz und weithin bekannt in allen industriellen Bereichen des Kontinents, was w\u00fcrden Sie sagen, was ist es, das Sie bei der Zusammenarbeit mit einem asiatischen Unternehmen und speziell aus Indien, positiv \u00fcberrascht? Andererseits, was w\u00fcrden Sie sagen, sind die gr\u00f6\u00dften Handicaps, mit denen Sie konfrontiert sind, wenn Sie Ihre Angebot gegen die europ\u00e4ische Konkurrenz verteidigen m\u00fcssen?<\/p>\n<p><strong>Bernd Webel:<\/strong>\u00a0Der Hauptvorteil, f\u00fcr ein indisches Unternehmen zu arbeiten, ist die unglaubliche Flexibilit\u00e4t und die positive Energie f\u00fcr schnellen Fortschritt. Entscheidungen liegen direkt bei den Eigent\u00fcmern und werden fast sofort getroffen. Analysen und Arbeitsgruppen, umfangreiche \u00dcberlegungen, etc. sind nicht erforderlich. Der Fortschritt ist viel schneller als in eher hierarchischen und b\u00fcrokratischen Unternehmen.[\/vc_column_text][\/vc_column][\/vc_row][vc_row type=&#8220;in_container&#8220; full_screen_row_position=&#8220;middle&#8220; column_margin=&#8220;default&#8220; column_direction=&#8220;default&#8220; column_direction_tablet=&#8220;default&#8220; column_direction_phone=&#8220;default&#8220; scene_position=&#8220;center&#8220; text_color=&#8220;dark&#8220; text_align=&#8220;left&#8220; row_border_radius=&#8220;none&#8220; row_border_radius_applies=&#8220;bg&#8220; overlay_strength=&#8220;0.3&#8243; gradient_direction=&#8220;left_to_right&#8220; shape_divider_position=&#8220;bottom&#8220; bg_image_animation=&#8220;none&#8220;][vc_column column_padding=&#8220;no-extra-padding&#8220; column_padding_tablet=&#8220;inherit&#8220; column_padding_phone=&#8220;inherit&#8220; column_padding_position=&#8220;all&#8220; background_color_opacity=&#8220;1&#8243; background_hover_color_opacity=&#8220;1&#8243; column_shadow=&#8220;none&#8220; column_border_radius=&#8220;none&#8220; column_link_target=&#8220;_self&#8220; gradient_direction=&#8220;left_to_right&#8220; overlay_strength=&#8220;0.3&#8243; width=&#8220;1\/1&#8243; tablet_width_inherit=&#8220;default&#8220; tablet_text_alignment=&#8220;default&#8220; phone_text_alignment=&#8220;default&#8220; column_border_width=&#8220;none&#8220; column_border_style=&#8220;solid&#8220; bg_image_animation=&#8220;none&#8220;][vc_column_text]\n<h3>Der Hauptvorteil, f\u00fcr ein indisches Unternehmen zu arbeiten, ist die unglaubliche Flexibilit\u00e4t und die positive Energie f\u00fcr schnellen Fortschritt.<\/h3>\n<p>Die Handicaps sind vor allem die Emotionen und Vorurteile, die in Europa gegen Produkte &#8222;made in India&#8220; bestehen. Um diesen Argumenten zu begegnen, haben wir vor 5 Jahren beschlossen, alle unsere Modelle mit europ\u00e4ischen Konstruktionsteams zu entwickeln. Das Feedback des Marktes best\u00e4tigt, dass dieser Weg der richtige ist. Die Technik ist auf europ\u00e4ischem Niveau, aber die Kosten sind immer noch auf indischem Niveau, das gibt uns ein unschlagbares Preis-Leistungs-Verh\u00e4ltnis.<\/p>\n<p>Am Anfang war auch die Frage des lokalen Service einer der oft angefragten Punkte. Inzwischen haben wir unser lokales Servicenetz in Europa aufgebaut. So k\u00f6nnen wir den technischen Service sowohl durch unsere europ\u00e4ischen Techniker als auch durch unsere Kundendienst-Organisation in Mumbai gew\u00e4hrleisten. Au\u00dferdem war es ein wichtiger Aspekt bei der Auswahl unserer Vertretungen, die einen eigenen &#8222;Erste-Hilfe&#8220;-Service haben, wie auch zum Beispiel in Spanien.<\/p>\n<p><strong>Comaq Casol:\u00a0<\/strong>Angesichts der Situation des europ\u00e4ischen Marktes, vor der Pandemie, wie lauteten Ihre Wachstumsprognosen in Europa? Und angesichts des unerwarteten Ausbruchs der Krise durch COVID 19: Hat dies zu signifikanten \u00c4nderungen der urspr\u00fcnglichen Prognosen und Ma\u00dfnahmen gef\u00fchrt?<\/p>\n<p><strong>Bernd Webel:<\/strong>\u00a0Zum Gl\u00fcck mussten wir nicht viele Erwartungen \u00e4ndern. Unser Plan ist langfristig angelegt. In der ersten Phase ging es darum, ein Netzwerk von starken Partnern zu implementieren. Das haben wir in nur neun Monaten erreicht. Jetzt bereiten wir unseren gemeinsamen Auftritt im Web und in den sozialen Medien vor. Im Januar werden wir verst\u00e4rkt mit unseren medialen Aktionen starten.<\/p>\n<p><strong>Comaq Casol:\u00a0<\/strong>Wir verstehen, dass jedes Land unterschiedliche Eigenschaften hat. Wie analysieren Sie in diesem Fall den spanischen Pharmamarkt? Wie wird das kommerzielle Netzwerk organisiert sein?<\/p>\n<p><strong>Bernd Webel:<\/strong>\u00a0In der Vergangenheit war der Markt in Spanien von nur wenigen Anbietern gepr\u00e4gt. An diese haben sich die Kunden gew\u00f6hnt und die zwischenzeitlich vorgestellten Alternativen vernachl\u00e4ssigt. In einigen anderen europ\u00e4ischen L\u00e4ndern haben sich bestimmte Alternativen aus Asien etabliert. Es scheint, dass sich nun auch der spanische Markt f\u00fcr diese Alternativen \u00f6ffnet. Daher war es f\u00fcr uns sehr wichtig, einen sehr gut etablierten und anerkannten Partner in der Branche zu finden. Comaq-Casol ist seit mehr als 30 Jahren pr\u00e4sent und hat sehr gute Kontakte zu den wichtigsten Personen in unserem T\u00e4tigkeitsbereich. Sie sind in der Lage, einen professionellen und schnellen Service f\u00fcr unsere Kunden zu bieten. Dieses Paket bietet die beste L\u00f6sung f\u00fcr die Verpackungsprobleme unserer Kunden.[\/vc_column_text][\/vc_column][\/vc_row][vc_row type=&#8220;in_container&#8220; full_screen_row_position=&#8220;middle&#8220; column_margin=&#8220;default&#8220; column_direction=&#8220;default&#8220; column_direction_tablet=&#8220;default&#8220; column_direction_phone=&#8220;default&#8220; scene_position=&#8220;center&#8220; text_color=&#8220;dark&#8220; text_align=&#8220;left&#8220; row_border_radius=&#8220;none&#8220; row_border_radius_applies=&#8220;bg&#8220; overlay_strength=&#8220;0.3&#8243; gradient_direction=&#8220;left_to_right&#8220; shape_divider_position=&#8220;bottom&#8220; bg_image_animation=&#8220;none&#8220;][vc_column column_padding=&#8220;no-extra-padding&#8220; column_padding_tablet=&#8220;inherit&#8220; column_padding_phone=&#8220;inherit&#8220; column_padding_position=&#8220;all&#8220; background_color_opacity=&#8220;1&#8243; background_hover_color_opacity=&#8220;1&#8243; column_shadow=&#8220;none&#8220; column_border_radius=&#8220;none&#8220; column_link_target=&#8220;_self&#8220; gradient_direction=&#8220;left_to_right&#8220; overlay_strength=&#8220;0.3&#8243; width=&#8220;1\/1&#8243; tablet_width_inherit=&#8220;default&#8220; tablet_text_alignment=&#8220;default&#8220; phone_text_alignment=&#8220;default&#8220; column_border_width=&#8220;none&#8220; column_border_style=&#8220;solid&#8220; bg_image_animation=&#8220;none&#8220;][vc_column_text]\n<h3>F\u00fcr uns war es sehr wichtig, einen sehr gut etablierten und anerkannten Partner in der Branche zu finden. Comaq-Casol ist seit mehr als 30 Jahren pr\u00e4sent und sehr gut mit Schl\u00fcsselpersonen in unserem T\u00e4tigkeitsbereich verbunden.<\/h3>\n<p><strong>Comaq Casol:\u00a0<\/strong>Welche Wettbewerbsvorteile bringt ACCUPACK auf dem pharmazeutischen Blistermarkt?<\/p>\n<p><strong>Bernd Webel:\u00a0<\/strong>Wie bereits erw\u00e4hnt, ist der Hauptvorteil f\u00fcr Kunden aus dem Bereich Pharma, Nahrungserg\u00e4nzungsmittel und Lohnverpacker das au\u00dfergew\u00f6hnliche Preis-\/Leistungsverh\u00e4ltnis. Sie k\u00f6nnen Technologie auf europ\u00e4ischem Niveau zu einem Preis auf asiatischem Niveau erwerben. Wir arbeiten ausschlie\u00dflich mit anerkannten Lieferanten wie Schneider, Mitsubishi, Festo, Sick und anderen zusammen. Durch unsere immense Erfahrung in der Produktion von Formaten f\u00fcr jede Blister- oder Kartoniermarke haben wir uns ein sehr fortschrittliches Wissen \u00fcber die Handhabung und Optimierung des Blisterprozesses und seiner Verpackung erarbeitet. Wir sind f\u00fchrend in der Produktion von Formaten f\u00fcr den asiatischen Markt, nun werden wir auch unsere europ\u00e4ischen Kunden bedienen. Mehr als 50.000 ausgelieferte Formate sprechen f\u00fcr sich.<\/p>\n<p><strong>Comaq Casol:\u00a0<\/strong>Derzeit hat ACCUPACK ein umfangreiches Portfolio an Modellen in Bezug auf Geschwindigkeiten und Blistergr\u00f6\u00dfen, so dass alle Bed\u00fcrfnisse der Branche abgedeckt werden k\u00f6nnen. Wenn Sie in die Zukunft blicken, \u00fcber welche Entwicklungen k\u00f6nnen Sie uns berichten, worauf wird das Unternehmen seine Innovationsbem\u00fchungen noch konzentrieren?<\/p>\n<p><strong>Bernd Webel:\u00a0<\/strong>Wir k\u00f6nnen von der Ausr\u00fcstung f\u00fcr den F&amp;E-Einsatz bis hin zu Maschinen f\u00fcr die Produktion mit niedriger und mittlerer Geschwindigkeit (bis zu 400 Blister pro Minute) und dem Design, der Produktion und dem Handling von Formaten alles anbieten, was der Kunde f\u00fcr seine Produktion von Blistern\/Trays\/Faltschachtel- Pr\u00e4sentationen ben\u00f6tigt. Wir haben gerade eine Tiefziehanlage f\u00fcr die Verpackung von Fl\u00fcssigkeiten wie Ampullen, Vials oder Spritzen f\u00fcr Kavit\u00e4ten mit einer Tiefe von bis zu 35 mm und mit Roboterzuf\u00fchrung auf den Markt gebracht. Wir entwickeln derzeit einen kontinuierlichen Kartonierer mit einem auf Kartonieranlagen spezialisierten Ingenieurb\u00fcro, der unser Maschinenportfolio vervollst\u00e4ndigt.<\/p>\n<p><strong>Comaq Casol:\u00a0<\/strong>Schlie\u00dflich ist das besondere Anliegen des europ\u00e4ischen Kunden, einen exzellenten technischen Service zu erhalten, bekannt. Die sofortige Verf\u00fcgbarkeit von Ersatzteilen und Technikern f\u00fcr die Behebung von Pannen und\/oder vorbeugende Wartung, zus\u00e4tzliche Dienstleistungen wie Validierungen, Kalibrierungen k\u00f6nnen durchaus die Entscheidung f\u00fcr den einen oder anderen Anbieter entscheiden. Wie stellt sich ACCUPACK dieser enormen Herausforderung angesichts der zus\u00e4tzlichen Schwierigkeit der Entfernung zwischen Europa und Indien?<\/p>\n<p><strong>Bernd Webel:\u00a0<\/strong>Der Service ist der wichtigste Punkt, wenn man an einem so wichtigen Markt wie Europa teilnehmen m\u00f6chte. Das war unser erster Schwerpunkt, ein Servicenetz rund um den europ\u00e4ischen Kontinent zu installieren. Dort arbeiten wir mit unserem Partner JeksonVision zusammen, der mehrere B\u00fcros mit Service in Europa hat (Deutschland, England, Malta und Russland). Wir haben also vier Ingenieure, die Service und technische Beratung anbieten. F\u00fcr den asiatischen Markt haben wir diese Zusammenarbeit schon seit einigen Jahren. Zus\u00e4tzlich zu unseren eigenen B\u00fcros haben wir ein starkes After-Sales- &amp; Service-Team in unserer Zentrale. Wir nutzen alle modernen Mittel f\u00fcr Remote Service und Virtual Reality, um L\u00f6sungen zu erleichtern und Kosten und Verz\u00f6gerungen zu reduzieren. Als dritte Komponente haben wir gew\u00e4hlte Vertreter, die \u00fcber einen eigenen &#8222;Erste-Hilfe&#8220;-Service verf\u00fcgen und den Prozess der Probleml\u00f6sung unterst\u00fctzen k\u00f6nnen.[\/vc_column_text][\/vc_column][\/vc_row][vc_row type=&#8220;in_container&#8220; full_screen_row_position=&#8220;middle&#8220; column_margin=&#8220;default&#8220; column_direction=&#8220;default&#8220; column_direction_tablet=&#8220;default&#8220; column_direction_phone=&#8220;default&#8220; scene_position=&#8220;center&#8220; text_color=&#8220;dark&#8220; text_align=&#8220;left&#8220; row_border_radius=&#8220;none&#8220; row_border_radius_applies=&#8220;bg&#8220; overlay_strength=&#8220;0.3&#8243; gradient_direction=&#8220;left_to_right&#8220; shape_divider_position=&#8220;bottom&#8220; bg_image_animation=&#8220;none&#8220;][vc_column column_padding=&#8220;no-extra-padding&#8220; column_padding_tablet=&#8220;inherit&#8220; column_padding_phone=&#8220;inherit&#8220; column_padding_position=&#8220;all&#8220; background_color_opacity=&#8220;1&#8243; background_hover_color_opacity=&#8220;1&#8243; column_shadow=&#8220;none&#8220; column_border_radius=&#8220;none&#8220; column_link_target=&#8220;_self&#8220; gradient_direction=&#8220;left_to_right&#8220; overlay_strength=&#8220;0.3&#8243; width=&#8220;1\/1&#8243; tablet_width_inherit=&#8220;default&#8220; tablet_text_alignment=&#8220;default&#8220; phone_text_alignment=&#8220;default&#8220; column_border_width=&#8220;none&#8220; column_border_style=&#8220;solid&#8220; bg_image_animation=&#8220;none&#8220;][vc_column_text]\n<h3>Wir nutzen alle modernen Mittel f\u00fcr Fernservice und virtuelle Realit\u00e4t, um L\u00f6sungen zu erleichtern und Kosten und Verz\u00f6gerungen zu reduzieren.<\/h3>\n<p><strong>Comaq Casol: Danke Bernd f\u00fcr deine Erkl\u00e4rungen und die interessanten Informationen. Welchen letzten Rat kannst Du unseren Kunden geben?<\/strong><\/p>\n<p><strong>Bernd Webel:<\/strong> Stellen Sie uns auf die Probe. Schicken Sie uns Ihren Bedarf an Blister-\/Kartonverpackungen und\/oder Ihre Anforderungen an neue Formate und wir werden Sie \u00fcberzeugen, neue Wege mit einem klaren wirtschaftlichen Vorteil bei gleichbleibendem Technologie- und Qualit\u00e4tsniveau zu gehen. Die Zusammenarbeit mit uns ist direkt &amp; effizient, machen Sie Ihre eigene Erfahrungen. Wir sehen uns bald wieder.[\/vc_column_text][\/vc_column][\/vc_row]\n","protected":false},"excerpt":{"rendered":"<p>[vc_row type=&#8220;in_container&#8220; full_screen_row_position=&#8220;middle&#8220; column_margin=&#8220;default&#8220; column_direction=&#8220;default&#8220; column_direction_tablet=&#8220;default&#8220; column_direction_phone=&#8220;default&#8220; scene_position=&#8220;center&#8220; text_color=&#8220;dark&#8220; text_align=&#8220;left&#8220; row_border_radius=&#8220;none&#8220; row_border_radius_applies=&#8220;bg&#8220; overlay_strength=&#8220;0.3&#8243; gradient_direction=&#8220;left_to_right&#8220; shape_divider_position=&#8220;bottom&#8220; bg_image_animation=&#8220;none&#8220;][vc_column column_padding=&#8220;no-extra-padding&#8220; column_padding_tablet=&#8220;inherit&#8220; column_padding_phone=&#8220;inherit&#8220; column_padding_position=&#8220;all&#8220; background_color_opacity=&#8220;1&#8243; background_hover_color_opacity=&#8220;1&#8243; column_shadow=&#8220;none&#8220; column_border_radius=&#8220;none&#8220; column_link_target=&#8220;_self&#8220; gradient_direction=&#8220;left_to_right&#8220; overlay_strength=&#8220;0.3&#8243; width=&#8220;1\/1&#8243; tablet_width_inherit=&#8220;default&#8220; tablet_text_alignment=&#8220;default&#8220;&#8230;<\/p>\n","protected":false},"author":1,"featured_media":0,"parent":0,"menu_order":0,"comment_status":"closed","ping_status":"closed","template":"","meta":{"footnotes":""},"class_list":["post-4653","page","type-page","status-publish"],"yoast_head":"<!-- This site is optimized with the Yoast SEO plugin v27.0 - https:\/\/yoast.com\/product\/yoast-seo-wordpress\/ -->\n<title>Die Herausforderungen und Vorteile von Accupack in Europa von Bernd Webel - Accupack<\/title>\n<meta name=\"robots\" content=\"index, follow, max-snippet:-1, max-image-preview:large, max-video-preview:-1\" \/>\n<link rel=\"canonical\" href=\"https:\/\/www.accupackengineering.com\/de\/the-challenges-and-benefits-of-accupack-in-europe-by-bernd-webel\/\" \/>\n<meta property=\"og:locale\" content=\"de_DE\" \/>\n<meta property=\"og:type\" content=\"article\" \/>\n<meta property=\"og:title\" content=\"Die Herausforderungen und Vorteile von Accupack in Europa von Bernd Webel - Accupack\" \/>\n<meta property=\"og:description\" content=\"[vc_row type=&#8220;in_container&#8220; full_screen_row_position=&#8220;middle&#8220; column_margin=&#8220;default&#8220; column_direction=&#8220;default&#8220; column_direction_tablet=&#8220;default&#8220; column_direction_phone=&#8220;default&#8220; scene_position=&#8220;center&#8220; text_color=&#8220;dark&#8220; text_align=&#8220;left&#8220; row_border_radius=&#8220;none&#8220; row_border_radius_applies=&#8220;bg&#8220; overlay_strength=&#8220;0.3&#8243; gradient_direction=&#8220;left_to_right&#8220; shape_divider_position=&#8220;bottom&#8220; bg_image_animation=&#8220;none&#8220;][vc_column column_padding=&#8220;no-extra-padding&#8220; column_padding_tablet=&#8220;inherit&#8220; column_padding_phone=&#8220;inherit&#8220; column_padding_position=&#8220;all&#8220; background_color_opacity=&#8220;1&#8243; background_hover_color_opacity=&#8220;1&#8243; column_shadow=&#8220;none&#8220; column_border_radius=&#8220;none&#8220; column_link_target=&#8220;_self&#8220; gradient_direction=&#8220;left_to_right&#8220; overlay_strength=&#8220;0.3&#8243; width=&#8220;1\/1&#8243; tablet_width_inherit=&#8220;default&#8220; tablet_text_alignment=&#8220;default&#8220;...\" \/>\n<meta property=\"og:url\" content=\"https:\/\/www.accupackengineering.com\/de\/the-challenges-and-benefits-of-accupack-in-europe-by-bernd-webel\/\" \/>\n<meta property=\"og:site_name\" content=\"Accupack\" \/>\n<meta property=\"article:modified_time\" content=\"2022-03-19T18:32:55+00:00\" \/>\n<meta name=\"twitter:card\" content=\"summary_large_image\" \/>\n<meta name=\"twitter:label1\" content=\"Gesch\u00e4tzte Lesezeit\" \/>\n\t<meta name=\"twitter:data1\" content=\"8\u00a0Minuten\" \/>\n<script type=\"application\/ld+json\" class=\"yoast-schema-graph\">{\"@context\":\"https:\/\/schema.org\",\"@graph\":[{\"@type\":\"WebPage\",\"@id\":\"https:\/\/www.accupackengineering.com\/de\/the-challenges-and-benefits-of-accupack-in-europe-by-bernd-webel\/\",\"url\":\"https:\/\/www.accupackengineering.com\/de\/the-challenges-and-benefits-of-accupack-in-europe-by-bernd-webel\/\",\"name\":\"Die Herausforderungen und Vorteile von Accupack in Europa von Bernd Webel - Accupack\",\"isPartOf\":{\"@id\":\"https:\/\/www.accupackengineering.com\/de\/#website\"},\"datePublished\":\"2022-02-23T03:38:52+00:00\",\"dateModified\":\"2022-03-19T18:32:55+00:00\",\"inLanguage\":\"de\",\"potentialAction\":[{\"@type\":\"ReadAction\",\"target\":[\"https:\/\/www.accupackengineering.com\/de\/the-challenges-and-benefits-of-accupack-in-europe-by-bernd-webel\/\"]}]},{\"@type\":\"WebSite\",\"@id\":\"https:\/\/www.accupackengineering.com\/de\/#website\",\"url\":\"https:\/\/www.accupackengineering.com\/de\/\",\"name\":\"Accupack\",\"description\":\"Accupack\",\"potentialAction\":[{\"@type\":\"SearchAction\",\"target\":{\"@type\":\"EntryPoint\",\"urlTemplate\":\"https:\/\/www.accupackengineering.com\/de\/?s={search_term_string}\"},\"query-input\":{\"@type\":\"PropertyValueSpecification\",\"valueRequired\":true,\"valueName\":\"search_term_string\"}}],\"inLanguage\":\"de\"}]}<\/script>\n<!-- \/ Yoast SEO plugin. -->","yoast_head_json":{"title":"Die Herausforderungen und Vorteile von Accupack in Europa von Bernd Webel - Accupack","robots":{"index":"index","follow":"follow","max-snippet":"max-snippet:-1","max-image-preview":"max-image-preview:large","max-video-preview":"max-video-preview:-1"},"canonical":"https:\/\/www.accupackengineering.com\/de\/the-challenges-and-benefits-of-accupack-in-europe-by-bernd-webel\/","og_locale":"de_DE","og_type":"article","og_title":"Die Herausforderungen und Vorteile von Accupack in Europa von Bernd Webel - Accupack","og_description":"[vc_row type=&#8220;in_container&#8220; full_screen_row_position=&#8220;middle&#8220; column_margin=&#8220;default&#8220; column_direction=&#8220;default&#8220; column_direction_tablet=&#8220;default&#8220; column_direction_phone=&#8220;default&#8220; scene_position=&#8220;center&#8220; text_color=&#8220;dark&#8220; text_align=&#8220;left&#8220; row_border_radius=&#8220;none&#8220; row_border_radius_applies=&#8220;bg&#8220; overlay_strength=&#8220;0.3&#8243; gradient_direction=&#8220;left_to_right&#8220; shape_divider_position=&#8220;bottom&#8220; bg_image_animation=&#8220;none&#8220;][vc_column column_padding=&#8220;no-extra-padding&#8220; column_padding_tablet=&#8220;inherit&#8220; column_padding_phone=&#8220;inherit&#8220; column_padding_position=&#8220;all&#8220; background_color_opacity=&#8220;1&#8243; background_hover_color_opacity=&#8220;1&#8243; column_shadow=&#8220;none&#8220; column_border_radius=&#8220;none&#8220; column_link_target=&#8220;_self&#8220; gradient_direction=&#8220;left_to_right&#8220; overlay_strength=&#8220;0.3&#8243; width=&#8220;1\/1&#8243; tablet_width_inherit=&#8220;default&#8220; tablet_text_alignment=&#8220;default&#8220;...","og_url":"https:\/\/www.accupackengineering.com\/de\/the-challenges-and-benefits-of-accupack-in-europe-by-bernd-webel\/","og_site_name":"Accupack","article_modified_time":"2022-03-19T18:32:55+00:00","twitter_card":"summary_large_image","twitter_misc":{"Gesch\u00e4tzte Lesezeit":"8\u00a0Minuten"},"schema":{"@context":"https:\/\/schema.org","@graph":[{"@type":"WebPage","@id":"https:\/\/www.accupackengineering.com\/de\/the-challenges-and-benefits-of-accupack-in-europe-by-bernd-webel\/","url":"https:\/\/www.accupackengineering.com\/de\/the-challenges-and-benefits-of-accupack-in-europe-by-bernd-webel\/","name":"Die Herausforderungen und Vorteile von Accupack in Europa von Bernd Webel - Accupack","isPartOf":{"@id":"https:\/\/www.accupackengineering.com\/de\/#website"},"datePublished":"2022-02-23T03:38:52+00:00","dateModified":"2022-03-19T18:32:55+00:00","inLanguage":"de","potentialAction":[{"@type":"ReadAction","target":["https:\/\/www.accupackengineering.com\/de\/the-challenges-and-benefits-of-accupack-in-europe-by-bernd-webel\/"]}]},{"@type":"WebSite","@id":"https:\/\/www.accupackengineering.com\/de\/#website","url":"https:\/\/www.accupackengineering.com\/de\/","name":"Accupack","description":"Accupack","potentialAction":[{"@type":"SearchAction","target":{"@type":"EntryPoint","urlTemplate":"https:\/\/www.accupackengineering.com\/de\/?s={search_term_string}"},"query-input":{"@type":"PropertyValueSpecification","valueRequired":true,"valueName":"search_term_string"}}],"inLanguage":"de"}]}},"_links":{"self":[{"href":"https:\/\/www.accupackengineering.com\/de\/wp-json\/wp\/v2\/pages\/4653","targetHints":{"allow":["GET"]}}],"collection":[{"href":"https:\/\/www.accupackengineering.com\/de\/wp-json\/wp\/v2\/pages"}],"about":[{"href":"https:\/\/www.accupackengineering.com\/de\/wp-json\/wp\/v2\/types\/page"}],"author":[{"embeddable":true,"href":"https:\/\/www.accupackengineering.com\/de\/wp-json\/wp\/v2\/users\/1"}],"replies":[{"embeddable":true,"href":"https:\/\/www.accupackengineering.com\/de\/wp-json\/wp\/v2\/comments?post=4653"}],"version-history":[{"count":4,"href":"https:\/\/www.accupackengineering.com\/de\/wp-json\/wp\/v2\/pages\/4653\/revisions"}],"predecessor-version":[{"id":4696,"href":"https:\/\/www.accupackengineering.com\/de\/wp-json\/wp\/v2\/pages\/4653\/revisions\/4696"}],"wp:attachment":[{"href":"https:\/\/www.accupackengineering.com\/de\/wp-json\/wp\/v2\/media?parent=4653"}],"curies":[{"name":"wp","href":"https:\/\/api.w.org\/{rel}","templated":true}]}}